{"id":9240,"date":"2021-04-29T17:38:30","date_gmt":"2021-04-29T17:38:30","guid":{"rendered":"https:\/\/lipikascampuseducativo.com\/saeme\/?page_id=9240"},"modified":"2023-06-13T17:14:22","modified_gmt":"2023-06-13T20:14:22","slug":"posgrados","status":"publish","type":"page","link":"https:\/\/lipikascampuseducativo.com\/saeme\/posgrados\/","title":{"rendered":"Posgrados y Diplomaturas"},"content":{"rendered":"\t\t<div data-elementor-type=\"wp-page\" data-elementor-id=\"9240\" class=\"elementor elementor-9240\" data-elementor-post-type=\"page\">\n\t\t\t\t\t\t<section class=\"elementor-section elementor-top-section elementor-element elementor-element-a7861c9 elementor-section-boxed elementor-section-height-default elementor-section-height-default\" data-id=\"a7861c9\" data-element_type=\"section\" data-e-type=\"section\">\n\t\t\t\t\t\t<div class=\"elementor-container elementor-column-gap-default\">\n\t\t\t\t\t<div class=\"elementor-column elementor-col-100 elementor-top-column elementor-element elementor-element-a8fe837\" data-id=\"a8fe837\" data-element_type=\"column\" data-e-type=\"column\">\n\t\t\t<div class=\"elementor-widget-wrap elementor-element-populated\">\n\t\t\t\t\t\t<div class=\"elementor-element elementor-element-2fea704 elementor-widget thim-widget-courses\" data-id=\"2fea704\" data-element_type=\"widget\" data-e-type=\"widget\" data-widget_type=\"thim-courses.default\">\n\t\t\t\t<div class=\"elementor-widget-container\">\n\t\t\t\t\t\t<div class=\"thim-widget-courses-wrapper\">\n\t\t<h3 class=\"widget-title\">Posgrados Actuales<\/h3>\t\t<div class=\"thim-course-grid\">\n\t\t\t\t\t\t\t<div class=\"lpr_course course-grid-4\">\n\t\t\t\t\t<div class=\"course-item\">\n\t\t\t\t\t\t<div class=\"course-thumbnail\">\n\t\t\t\t\t\t\t<a href=\"https:\/\/lipikascampuseducativo.com\/saeme\/curso\/posgrado-en-tecnicas-esteticas-orofaciales-2026\/\">\n\t\t\t\t\t\t\t\t<img fetchpriority=\"high\" decoding=\"async\" src=\"https:\/\/lipikascampuseducativo.com\/saeme\/wp-content\/uploads\/2026\/04\/imagen-odonto--400x300.png\" alt=\"Posgrado en t\u00e9cnicas est\u00e9ticas Orofaciales 2026\"  width=\"400\" height=\"300\">\t\t\t\t\t\t\t<\/a>\n\t\t\t\t\t\t\t<a class=\"course-readmore\" href=\"https:\/\/lipikascampuseducativo.com\/saeme\/curso\/posgrado-en-tecnicas-esteticas-orofaciales-2026\/\" >Enroll Now<\/a>\t\t\t\t\t\t<\/div>\n\n\t\t\t\t\t\t<div class=\"thim-course-content\">\n\t\t\t\t\t\t\t\n<div class=\"course-author\" itemscope itemtype=\"https:\/\/schema.org\/Person\">\n\t<a href=\"https:\/\/lipikascampuseducativo.com\/saeme\/instructor\/lipikasfilms\/\"><img decoding=\"async\" alt=\"Avatar del usuario\" class=\"avatar\" src=\"https:\/\/lipikascampuseducativo.com\/saeme\/wp-content\/uploads\/learn-press-profile\/225\/01c4f793cdc1d2c2db914623bf02ce98.jpeg\" width=\"50\" height=\"50\" \/><\/a>\t<div class=\"author-contain\">\n\t\t<div class=\"value\" itemprop=\"name\">\n\t\t\t<a href=\"https:\/\/lipikascampuseducativo.com\/saeme\/instructor\/lipikasfilms\/\">Campus Manager<\/a>\t\t<\/div>\n\t<\/div>\n<\/div>\n<h2 class=\"course-title\"><a href=\"https:\/\/lipikascampuseducativo.com\/saeme\/curso\/posgrado-en-tecnicas-esteticas-orofaciales-2026\/\" rel=\"bookmark\">Posgrado en t\u00e9cnicas est\u00e9ticas Orofaciales 2026<\/a><\/h2><div class=\"course-meta\">\n<div class=\"course-author\" itemscope itemtype=\"https:\/\/schema.org\/Person\">\n\t<a href=\"https:\/\/lipikascampuseducativo.com\/saeme\/instructor\/lipikasfilms\/\"><img decoding=\"async\" alt=\"Avatar del usuario\" class=\"avatar\" src=\"https:\/\/lipikascampuseducativo.com\/saeme\/wp-content\/uploads\/learn-press-profile\/225\/01c4f793cdc1d2c2db914623bf02ce98.jpeg\" width=\"50\" height=\"50\" \/><\/a>\t<div class=\"author-contain\">\n\t\t<div class=\"value\" itemprop=\"name\">\n\t\t\t<a href=\"https:\/\/lipikascampuseducativo.com\/saeme\/instructor\/lipikasfilms\/\">Campus Manager<\/a>\t\t<\/div>\n\t<\/div>\n<\/div>\n<div class=\"course-lesson\"><div class=\"value\"><i aria-hidden=\"true\" class=\"lp-icon-file\"><\/i>6<\/div><\/div>\n<div class=\"course-students\">\n\t<label>Students<\/label>\n\t<div class=\"value\"><i class=\"lp-icon-students\"><\/i>\n\t\t34\t<\/div>\n\t<span>students<\/span>\n<\/div>\n\n<div class=\"course-price\" itemprop=\"offers\" itemscope\n\titemtype=\"https:\/\/schema.org\/Offer\">\n\n\t<span class=\"course-item-price\"> <span class=\"price\">&#036;1,000.00<\/span> <\/span>\n<\/div>\n<\/div>\t\t\t\t\t\t<\/div>\n\t\t\t\t\t<\/div>\n\t\t\t\t<\/div>\n\t\t\t\t\t\t\t\t<div class=\"lpr_course course-grid-4\">\n\t\t\t\t\t<div class=\"course-item\">\n\t\t\t\t\t\t<div class=\"course-thumbnail\">\n\t\t\t\t\t\t\t<a href=\"https:\/\/lipikascampuseducativo.com\/saeme\/curso\/curso-intensivo-de-hormonas-bioidenticascopiar\/\">\n\t\t\t\t\t\t\t\t<img decoding=\"async\" src=\"https:\/\/lipikascampuseducativo.com\/saeme\/wp-content\/uploads\/2025\/08\/Gemini_Generated_Image_z02aqdz02aqdz02a-400x300.png\" alt=\"Diplomatura de Formaci\u00f3n en Terapia Hormonal Bioid\u00e9ntica y Pellets &#8211; Modalidad 2026\"  width=\"400\" height=\"300\">\t\t\t\t\t\t\t<\/a>\n\t\t\t\t\t\t\t<a class=\"course-readmore\" href=\"https:\/\/lipikascampuseducativo.com\/saeme\/curso\/curso-intensivo-de-hormonas-bioidenticascopiar\/\" >Enroll Now<\/a>\t\t\t\t\t\t<\/div>\n\n\t\t\t\t\t\t<div class=\"thim-course-content\">\n\t\t\t\t\t\t\t\n<div class=\"course-author\" itemscope itemtype=\"https:\/\/schema.org\/Person\">\n\t<a href=\"https:\/\/lipikascampuseducativo.com\/saeme\/instructor\/lipikasfilms\/\"><img decoding=\"async\" alt=\"Avatar del usuario\" class=\"avatar\" src=\"https:\/\/lipikascampuseducativo.com\/saeme\/wp-content\/uploads\/learn-press-profile\/225\/01c4f793cdc1d2c2db914623bf02ce98.jpeg\" width=\"50\" height=\"50\" \/><\/a>\t<div class=\"author-contain\">\n\t\t<div class=\"value\" itemprop=\"name\">\n\t\t\t<a href=\"https:\/\/lipikascampuseducativo.com\/saeme\/instructor\/lipikasfilms\/\">Campus Manager<\/a>\t\t<\/div>\n\t<\/div>\n<\/div>\n<h2 class=\"course-title\"><a href=\"https:\/\/lipikascampuseducativo.com\/saeme\/curso\/curso-intensivo-de-hormonas-bioidenticascopiar\/\" rel=\"bookmark\">Diplomatura de Formaci\u00f3n en Terapia Hormonal Bioid\u00e9ntica y Pellets &#8211; Modalidad 2026<\/a><\/h2><div class=\"course-meta\">\n<div class=\"course-author\" itemscope itemtype=\"https:\/\/schema.org\/Person\">\n\t<a href=\"https:\/\/lipikascampuseducativo.com\/saeme\/instructor\/lipikasfilms\/\"><img decoding=\"async\" alt=\"Avatar del usuario\" class=\"avatar\" src=\"https:\/\/lipikascampuseducativo.com\/saeme\/wp-content\/uploads\/learn-press-profile\/225\/01c4f793cdc1d2c2db914623bf02ce98.jpeg\" width=\"50\" height=\"50\" \/><\/a>\t<div class=\"author-contain\">\n\t\t<div class=\"value\" itemprop=\"name\">\n\t\t\t<a href=\"https:\/\/lipikascampuseducativo.com\/saeme\/instructor\/lipikasfilms\/\">Campus Manager<\/a>\t\t<\/div>\n\t<\/div>\n<\/div>\n<div class=\"course-lesson\"><div class=\"value\"><i aria-hidden=\"true\" class=\"lp-icon-file\"><\/i>14<\/div><\/div>\n<div class=\"course-students\">\n\t<label>Students<\/label>\n\t<div class=\"value\"><i class=\"lp-icon-students\"><\/i>\n\t\t107\t<\/div>\n\t<span>students<\/span>\n<\/div>\n\n<div class=\"course-price\" itemprop=\"offers\" itemscope\n\titemtype=\"https:\/\/schema.org\/Offer\">\n\n\t<span class=\"course-item-price\"> <span class=\"price\">&#036;1,000.00<\/span> <\/span>\n<\/div>\n<\/div>\t\t\t\t\t\t<\/div>\n\t\t\t\t\t<\/div>\n\t\t\t\t<\/div>\n\t\t\t\t\t\t\t\t<div class=\"lpr_course course-grid-4\">\n\t\t\t\t\t<div class=\"course-item\">\n\t\t\t\t\t\t<div class=\"course-thumbnail\">\n\t\t\t\t\t\t\t<a href=\"https:\/\/lipikascampuseducativo.com\/saeme\/curso\/curso-de-ginecologia-regenerativa-y-funcional-2-semestre\/\">\n\t\t\t\t\t\t\t\t<img loading=\"lazy\" decoding=\"async\" src=\"https:\/\/lipikascampuseducativo.com\/saeme\/wp-content\/uploads\/2025\/07\/curso-gineco-2026-400x300.webp\" alt=\"GINECOLOG\u00cdA EST\u00c9TICA Regenerativa y Funcional &#8211; 2026\"  width=\"400\" height=\"300\">\t\t\t\t\t\t\t<\/a>\n\t\t\t\t\t\t\t<a class=\"course-readmore\" href=\"https:\/\/lipikascampuseducativo.com\/saeme\/curso\/curso-de-ginecologia-regenerativa-y-funcional-2-semestre\/\" >Enroll Now<\/a>\t\t\t\t\t\t<\/div>\n\n\t\t\t\t\t\t<div class=\"thim-course-content\">\n\t\t\t\t\t\t\t\n<div class=\"course-author\" itemscope itemtype=\"https:\/\/schema.org\/Person\">\n\t<a href=\"https:\/\/lipikascampuseducativo.com\/saeme\/instructor\/lipikasfilms\/\"><img decoding=\"async\" alt=\"Avatar del usuario\" class=\"avatar\" src=\"https:\/\/lipikascampuseducativo.com\/saeme\/wp-content\/uploads\/learn-press-profile\/225\/01c4f793cdc1d2c2db914623bf02ce98.jpeg\" width=\"50\" height=\"50\" \/><\/a>\t<div class=\"author-contain\">\n\t\t<div class=\"value\" itemprop=\"name\">\n\t\t\t<a href=\"https:\/\/lipikascampuseducativo.com\/saeme\/instructor\/lipikasfilms\/\">Campus Manager<\/a>\t\t<\/div>\n\t<\/div>\n<\/div>\n<h2 class=\"course-title\"><a href=\"https:\/\/lipikascampuseducativo.com\/saeme\/curso\/curso-de-ginecologia-regenerativa-y-funcional-2-semestre\/\" rel=\"bookmark\">GINECOLOG\u00cdA EST\u00c9TICA Regenerativa y Funcional &#8211; 2026<\/a><\/h2><div class=\"course-meta\">\n<div class=\"course-author\" itemscope itemtype=\"https:\/\/schema.org\/Person\">\n\t<a href=\"https:\/\/lipikascampuseducativo.com\/saeme\/instructor\/lipikasfilms\/\"><img decoding=\"async\" alt=\"Avatar del usuario\" class=\"avatar\" src=\"https:\/\/lipikascampuseducativo.com\/saeme\/wp-content\/uploads\/learn-press-profile\/225\/01c4f793cdc1d2c2db914623bf02ce98.jpeg\" width=\"50\" height=\"50\" \/><\/a>\t<div class=\"author-contain\">\n\t\t<div class=\"value\" itemprop=\"name\">\n\t\t\t<a href=\"https:\/\/lipikascampuseducativo.com\/saeme\/instructor\/lipikasfilms\/\">Campus Manager<\/a>\t\t<\/div>\n\t<\/div>\n<\/div>\n<div class=\"course-lesson\"><div class=\"value\"><i aria-hidden=\"true\" class=\"lp-icon-file\"><\/i>17<\/div><\/div>\n<div class=\"course-students\">\n\t<label>Students<\/label>\n\t<div class=\"value\"><i class=\"lp-icon-students\"><\/i>\n\t\t157\t<\/div>\n\t<span>students<\/span>\n<\/div>\n\n<div class=\"course-price\" itemprop=\"offers\" itemscope\n\titemtype=\"https:\/\/schema.org\/Offer\">\n\n\t<span class=\"course-item-price\"> <span class=\"price\">&#036;1,000.00<\/span> <\/span>\n<\/div>\n<\/div>\t\t\t\t\t\t<\/div>\n\t\t\t\t\t<\/div>\n\t\t\t\t<\/div>\n\t\t\t\t\t\t\t\t<div class=\"lpr_course course-grid-4\">\n\t\t\t\t\t<div class=\"course-item\">\n\t\t\t\t\t\t<div class=\"course-thumbnail\">\n\t\t\t\t\t\t\t<a href=\"https:\/\/lipikascampuseducativo.com\/saeme\/curso\/curso-medicina-funcional-y-longevidad\/\">\n\t\t\t\t\t\t\t\t<img loading=\"lazy\" decoding=\"async\" src=\"https:\/\/lipikascampuseducativo.com\/saeme\/wp-content\/uploads\/2025\/06\/Imagen-medicina-Funcional--400x300.webp\" alt=\"DIPLOMATURA UNIVERSITARIA EN MEDICINA FUNCIONAL, LONGEVIDAD Y OPTIMIZACI\u00d3N METAB\u00d3LICA CICLO 2026\"  width=\"400\" height=\"300\">\t\t\t\t\t\t\t<\/a>\n\t\t\t\t\t\t\t<a class=\"course-readmore\" href=\"https:\/\/lipikascampuseducativo.com\/saeme\/curso\/curso-medicina-funcional-y-longevidad\/\" >Enroll Now<\/a>\t\t\t\t\t\t<\/div>\n\n\t\t\t\t\t\t<div class=\"thim-course-content\">\n\t\t\t\t\t\t\t\n<div class=\"course-author\" itemscope itemtype=\"https:\/\/schema.org\/Person\">\n\t<a href=\"https:\/\/lipikascampuseducativo.com\/saeme\/instructor\/lipikasfilms\/\"><img decoding=\"async\" alt=\"Avatar del usuario\" class=\"avatar\" src=\"https:\/\/lipikascampuseducativo.com\/saeme\/wp-content\/uploads\/learn-press-profile\/225\/01c4f793cdc1d2c2db914623bf02ce98.jpeg\" width=\"50\" height=\"50\" \/><\/a>\t<div class=\"author-contain\">\n\t\t<div class=\"value\" itemprop=\"name\">\n\t\t\t<a href=\"https:\/\/lipikascampuseducativo.com\/saeme\/instructor\/lipikasfilms\/\">Campus Manager<\/a>\t\t<\/div>\n\t<\/div>\n<\/div>\n<h2 class=\"course-title\"><a href=\"https:\/\/lipikascampuseducativo.com\/saeme\/curso\/curso-medicina-funcional-y-longevidad\/\" rel=\"bookmark\">DIPLOMATURA UNIVERSITARIA EN MEDICINA FUNCIONAL, LONGEVIDAD Y OPTIMIZACI\u00d3N METAB\u00d3LICA CICLO 2026<\/a><\/h2><div class=\"course-meta\">\n<div class=\"course-author\" itemscope itemtype=\"https:\/\/schema.org\/Person\">\n\t<a href=\"https:\/\/lipikascampuseducativo.com\/saeme\/instructor\/lipikasfilms\/\"><img decoding=\"async\" alt=\"Avatar del usuario\" class=\"avatar\" src=\"https:\/\/lipikascampuseducativo.com\/saeme\/wp-content\/uploads\/learn-press-profile\/225\/01c4f793cdc1d2c2db914623bf02ce98.jpeg\" width=\"50\" height=\"50\" \/><\/a>\t<div class=\"author-contain\">\n\t\t<div class=\"value\" itemprop=\"name\">\n\t\t\t<a href=\"https:\/\/lipikascampuseducativo.com\/saeme\/instructor\/lipikasfilms\/\">Campus Manager<\/a>\t\t<\/div>\n\t<\/div>\n<\/div>\n<div class=\"course-lesson\"><div class=\"value\"><i aria-hidden=\"true\" class=\"lp-icon-file\"><\/i>24<\/div><\/div>\n<div class=\"course-students\">\n\t<label>Students<\/label>\n\t<div class=\"value\"><i class=\"lp-icon-students\"><\/i>\n\t\t9\t<\/div>\n\t<span>students<\/span>\n<\/div>\n\n<div class=\"course-price\" itemprop=\"offers\" itemscope\n\titemtype=\"https:\/\/schema.org\/Offer\">\n\n\t<span class=\"course-item-price\"> <span class=\"price\">&#036;1,000.00<\/span> <\/span>\n<\/div>\n<\/div>\t\t\t\t\t\t<\/div>\n\t\t\t\t\t<\/div>\n\t\t\t\t<\/div>\n\t\t\t\t\t\t\t\t<div class=\"lpr_course course-grid-4\">\n\t\t\t\t\t<div class=\"course-item\">\n\t\t\t\t\t\t<div class=\"course-thumbnail\">\n\t\t\t\t\t\t\t<a href=\"https:\/\/lipikascampuseducativo.com\/saeme\/curso\/diplomatura-en-posgrado-de-medicina-estetica-anual-2025\/\">\n\t\t\t\t\t\t\t\t<img loading=\"lazy\" decoding=\"async\" src=\"https:\/\/lipikascampuseducativo.com\/saeme\/wp-content\/uploads\/2025\/02\/Gemini_Generated_Image_ogs9rzogs9rzogs9-400x300.png\" alt=\"Diplomatura en Posgrado de Medicina Est\u00e9tica 2026\"  width=\"400\" height=\"300\">\t\t\t\t\t\t\t<\/a>\n\t\t\t\t\t\t\t<a class=\"course-readmore\" href=\"https:\/\/lipikascampuseducativo.com\/saeme\/curso\/diplomatura-en-posgrado-de-medicina-estetica-anual-2025\/\" >Enroll Now<\/a>\t\t\t\t\t\t<\/div>\n\n\t\t\t\t\t\t<div class=\"thim-course-content\">\n\t\t\t\t\t\t\t\n<div class=\"course-author\" itemscope itemtype=\"https:\/\/schema.org\/Person\">\n\t<a href=\"https:\/\/lipikascampuseducativo.com\/saeme\/instructor\/lipikasfilms\/\"><img decoding=\"async\" alt=\"Avatar del usuario\" class=\"avatar\" src=\"https:\/\/lipikascampuseducativo.com\/saeme\/wp-content\/uploads\/learn-press-profile\/225\/01c4f793cdc1d2c2db914623bf02ce98.jpeg\" width=\"50\" height=\"50\" \/><\/a>\t<div class=\"author-contain\">\n\t\t<div class=\"value\" itemprop=\"name\">\n\t\t\t<a href=\"https:\/\/lipikascampuseducativo.com\/saeme\/instructor\/lipikasfilms\/\">Campus Manager<\/a>\t\t<\/div>\n\t<\/div>\n<\/div>\n<h2 class=\"course-title\"><a href=\"https:\/\/lipikascampuseducativo.com\/saeme\/curso\/diplomatura-en-posgrado-de-medicina-estetica-anual-2025\/\" rel=\"bookmark\">Diplomatura en Posgrado de Medicina Est\u00e9tica 2026<\/a><\/h2><div class=\"course-meta\">\n<div class=\"course-author\" itemscope itemtype=\"https:\/\/schema.org\/Person\">\n\t<a href=\"https:\/\/lipikascampuseducativo.com\/saeme\/instructor\/lipikasfilms\/\"><img decoding=\"async\" alt=\"Avatar del usuario\" class=\"avatar\" src=\"https:\/\/lipikascampuseducativo.com\/saeme\/wp-content\/uploads\/learn-press-profile\/225\/01c4f793cdc1d2c2db914623bf02ce98.jpeg\" width=\"50\" height=\"50\" \/><\/a>\t<div class=\"author-contain\">\n\t\t<div class=\"value\" itemprop=\"name\">\n\t\t\t<a href=\"https:\/\/lipikascampuseducativo.com\/saeme\/instructor\/lipikasfilms\/\">Campus Manager<\/a>\t\t<\/div>\n\t<\/div>\n<\/div>\n<div class=\"course-lesson\"><div class=\"value\"><i aria-hidden=\"true\" class=\"lp-icon-file\"><\/i>25<\/div><\/div>\n<div class=\"course-students\">\n\t<label>Students<\/label>\n\t<div class=\"value\"><i class=\"lp-icon-students\"><\/i>\n\t\t304\t<\/div>\n\t<span>students<\/span>\n<\/div>\n\n<div class=\"course-price\" itemprop=\"offers\" itemscope\n\titemtype=\"https:\/\/schema.org\/Offer\">\n\n\t<span class=\"course-item-price\"> <span class=\"price\">&#036;10,000.00<\/span> <\/span>\n<\/div>\n<\/div>\t\t\t\t\t\t<\/div>\n\t\t\t\t\t<\/div>\n\t\t\t\t<\/div>\n\t\t\t\t\t\t\t\t<div class=\"lpr_course course-grid-4\">\n\t\t\t\t\t<div class=\"course-item\">\n\t\t\t\t\t\t<div class=\"course-thumbnail\">\n\t\t\t\t\t\t\t<a href=\"https:\/\/lipikascampuseducativo.com\/saeme\/curso\/area-alumnos-posgrado-anual-en-medicina-estetica-edicion-2021\/\">\n\t\t\t\t\t\t\t\t<img loading=\"lazy\" decoding=\"async\" src=\"https:\/\/lipikascampuseducativo.com\/saeme\/wp-content\/uploads\/2021\/12\/image-6-400x300.png\" alt=\"\u00c1rea Exalumnos  de Posgrado Universitario en Medicina Est\u00e9tica\"  width=\"400\" height=\"300\">\t\t\t\t\t\t\t<\/a>\n\t\t\t\t\t\t\t<a class=\"course-readmore\" href=\"https:\/\/lipikascampuseducativo.com\/saeme\/curso\/area-alumnos-posgrado-anual-en-medicina-estetica-edicion-2021\/\" >Enroll Now<\/a>\t\t\t\t\t\t<\/div>\n\n\t\t\t\t\t\t<div class=\"thim-course-content\">\n\t\t\t\t\t\t\t\n<div class=\"course-author\" itemscope itemtype=\"https:\/\/schema.org\/Person\">\n\t<a href=\"https:\/\/lipikascampuseducativo.com\/saeme\/instructor\/lipikasfilms\/\"><img decoding=\"async\" alt=\"Avatar del usuario\" class=\"avatar\" src=\"https:\/\/lipikascampuseducativo.com\/saeme\/wp-content\/uploads\/learn-press-profile\/225\/01c4f793cdc1d2c2db914623bf02ce98.jpeg\" width=\"50\" height=\"50\" \/><\/a>\t<div class=\"author-contain\">\n\t\t<div class=\"value\" itemprop=\"name\">\n\t\t\t<a href=\"https:\/\/lipikascampuseducativo.com\/saeme\/instructor\/lipikasfilms\/\">Campus Manager<\/a>\t\t<\/div>\n\t<\/div>\n<\/div>\n<h2 class=\"course-title\"><a href=\"https:\/\/lipikascampuseducativo.com\/saeme\/curso\/area-alumnos-posgrado-anual-en-medicina-estetica-edicion-2021\/\" rel=\"bookmark\">\u00c1rea Exalumnos  de Posgrado Universitario en Medicina Est\u00e9tica<\/a><\/h2><div class=\"course-meta\">\n<div class=\"course-author\" itemscope itemtype=\"https:\/\/schema.org\/Person\">\n\t<a href=\"https:\/\/lipikascampuseducativo.com\/saeme\/instructor\/lipikasfilms\/\"><img decoding=\"async\" alt=\"Avatar del usuario\" class=\"avatar\" src=\"https:\/\/lipikascampuseducativo.com\/saeme\/wp-content\/uploads\/learn-press-profile\/225\/01c4f793cdc1d2c2db914623bf02ce98.jpeg\" width=\"50\" height=\"50\" \/><\/a>\t<div class=\"author-contain\">\n\t\t<div class=\"value\" itemprop=\"name\">\n\t\t\t<a href=\"https:\/\/lipikascampuseducativo.com\/saeme\/instructor\/lipikasfilms\/\">Campus Manager<\/a>\t\t<\/div>\n\t<\/div>\n<\/div>\n<div class=\"course-lesson\"><div class=\"value\"><i aria-hidden=\"true\" class=\"lp-icon-file\"><\/i>1<\/div><\/div>\n<div class=\"course-students\">\n\t<label>Students<\/label>\n\t<div class=\"value\"><i class=\"lp-icon-students\"><\/i>\n\t\t2\t<\/div>\n\t<span>students<\/span>\n<\/div>\n\n<div class=\"course-price\" itemprop=\"offers\" itemscope\n\titemtype=\"https:\/\/schema.org\/Offer\">\n\n\t<span class=\"course-item-price\"> <span class=\"price\">&#036;0.10<\/span> <\/span>\n<\/div>\n<\/div>\t\t\t\t\t\t<\/div>\n\t\t\t\t\t<\/div>\n\t\t\t\t<\/div>\n\t\t\t\t\t\t\t\t<div class=\"lpr_course course-grid-4\">\n\t\t\t\t\t<div class=\"course-item\">\n\t\t\t\t\t\t<div class=\"course-thumbnail\">\n\t\t\t\t\t\t\t<a href=\"https:\/\/lipikascampuseducativo.com\/saeme\/curso\/residencia-carrera-medico-especialista-en-medicina-estetica\/\">\n\t\t\t\t\t\t\t\t<img loading=\"lazy\" decoding=\"async\" src=\"https:\/\/lipikascampuseducativo.com\/saeme\/wp-content\/uploads\/2021\/10\/DSC_5050-1-scaled-400x300.jpg\" alt=\"Residencia Carrera M\u00e9dico Especialista en Medicina Est\u00e9tica\"  width=\"400\" height=\"300\">\t\t\t\t\t\t\t<\/a>\n\t\t\t\t\t\t\t<a class=\"course-readmore\" href=\"https:\/\/lipikascampuseducativo.com\/saeme\/curso\/residencia-carrera-medico-especialista-en-medicina-estetica\/\" >Enroll Now<\/a>\t\t\t\t\t\t<\/div>\n\n\t\t\t\t\t\t<div class=\"thim-course-content\">\n\t\t\t\t\t\t\t\n<div class=\"course-author\" itemscope itemtype=\"https:\/\/schema.org\/Person\">\n\t<a href=\"https:\/\/lipikascampuseducativo.com\/saeme\/instructor\/lipikasfilms\/\"><img decoding=\"async\" alt=\"Avatar del usuario\" class=\"avatar\" src=\"https:\/\/lipikascampuseducativo.com\/saeme\/wp-content\/uploads\/learn-press-profile\/225\/01c4f793cdc1d2c2db914623bf02ce98.jpeg\" width=\"50\" height=\"50\" \/><\/a>\t<div class=\"author-contain\">\n\t\t<div class=\"value\" itemprop=\"name\">\n\t\t\t<a href=\"https:\/\/lipikascampuseducativo.com\/saeme\/instructor\/lipikasfilms\/\">Campus Manager<\/a>\t\t<\/div>\n\t<\/div>\n<\/div>\n<h2 class=\"course-title\"><a href=\"https:\/\/lipikascampuseducativo.com\/saeme\/curso\/residencia-carrera-medico-especialista-en-medicina-estetica\/\" rel=\"bookmark\">Residencia Carrera M\u00e9dico Especialista en Medicina Est\u00e9tica<\/a><\/h2><div class=\"course-meta\">\n<div class=\"course-author\" itemscope itemtype=\"https:\/\/schema.org\/Person\">\n\t<a href=\"https:\/\/lipikascampuseducativo.com\/saeme\/instructor\/lipikasfilms\/\"><img decoding=\"async\" alt=\"Avatar del usuario\" class=\"avatar\" src=\"https:\/\/lipikascampuseducativo.com\/saeme\/wp-content\/uploads\/learn-press-profile\/225\/01c4f793cdc1d2c2db914623bf02ce98.jpeg\" width=\"50\" height=\"50\" \/><\/a>\t<div class=\"author-contain\">\n\t\t<div class=\"value\" itemprop=\"name\">\n\t\t\t<a href=\"https:\/\/lipikascampuseducativo.com\/saeme\/instructor\/lipikasfilms\/\">Campus Manager<\/a>\t\t<\/div>\n\t<\/div>\n<\/div>\n<div class=\"course-lesson\"><div class=\"value\"><i aria-hidden=\"true\" class=\"lp-icon-file\"><\/i>37<\/div><\/div>\n<div class=\"course-students\">\n\t<label>Students<\/label>\n\t<div class=\"value\"><i class=\"lp-icon-students\"><\/i>\n\t\t33\t<\/div>\n\t<span>students<\/span>\n<\/div>\n\n<div class=\"course-price\" itemprop=\"offers\" itemscope\n\titemtype=\"https:\/\/schema.org\/Offer\">\n\n\t<span class=\"course-item-price\"> <span class=\"price\">&#036;1.00<\/span> <\/span>\n<\/div>\n<\/div>\t\t\t\t\t\t<\/div>\n\t\t\t\t\t<\/div>\n\t\t\t\t<\/div>\n\t\t\t\t\t\t\t\t<div class=\"lpr_course course-grid-4\">\n\t\t\t\t\t<div class=\"course-item\">\n\t\t\t\t\t\t<div class=\"course-thumbnail\">\n\t\t\t\t\t\t\t<a href=\"https:\/\/lipikascampuseducativo.com\/saeme\/curso\/curso-de-odontologia-estetica-orofacial\/\">\n\t\t\t\t\t\t\t\t<img loading=\"lazy\" decoding=\"async\" src=\"https:\/\/lipikascampuseducativo.com\/saeme\/wp-content\/uploads\/2021\/06\/Captura-de-Pantalla-2021-06-16-a-las-14.57.38-400x300.png\" alt=\"Posgrado en T\u00e9cnicas Est\u00e9ticas Orofaciales\"  width=\"400\" height=\"300\">\t\t\t\t\t\t\t<\/a>\n\t\t\t\t\t\t\t<a class=\"course-readmore\" href=\"https:\/\/lipikascampuseducativo.com\/saeme\/curso\/curso-de-odontologia-estetica-orofacial\/\" >Enroll Now<\/a>\t\t\t\t\t\t<\/div>\n\n\t\t\t\t\t\t<div class=\"thim-course-content\">\n\t\t\t\t\t\t\t\n<div class=\"course-author\" itemscope itemtype=\"https:\/\/schema.org\/Person\">\n\t<a href=\"https:\/\/lipikascampuseducativo.com\/saeme\/instructor\/lipikasfilms\/\"><img decoding=\"async\" alt=\"Avatar del usuario\" class=\"avatar\" src=\"https:\/\/lipikascampuseducativo.com\/saeme\/wp-content\/uploads\/learn-press-profile\/225\/01c4f793cdc1d2c2db914623bf02ce98.jpeg\" width=\"50\" height=\"50\" \/><\/a>\t<div class=\"author-contain\">\n\t\t<div class=\"value\" itemprop=\"name\">\n\t\t\t<a href=\"https:\/\/lipikascampuseducativo.com\/saeme\/instructor\/lipikasfilms\/\">Campus Manager<\/a>\t\t<\/div>\n\t<\/div>\n<\/div>\n<h2 class=\"course-title\"><a href=\"https:\/\/lipikascampuseducativo.com\/saeme\/curso\/curso-de-odontologia-estetica-orofacial\/\" rel=\"bookmark\">Posgrado en T\u00e9cnicas Est\u00e9ticas Orofaciales<\/a><\/h2><div class=\"course-meta\">\n<div class=\"course-author\" itemscope itemtype=\"https:\/\/schema.org\/Person\">\n\t<a href=\"https:\/\/lipikascampuseducativo.com\/saeme\/instructor\/lipikasfilms\/\"><img decoding=\"async\" alt=\"Avatar del usuario\" class=\"avatar\" src=\"https:\/\/lipikascampuseducativo.com\/saeme\/wp-content\/uploads\/learn-press-profile\/225\/01c4f793cdc1d2c2db914623bf02ce98.jpeg\" width=\"50\" height=\"50\" \/><\/a>\t<div class=\"author-contain\">\n\t\t<div class=\"value\" itemprop=\"name\">\n\t\t\t<a href=\"https:\/\/lipikascampuseducativo.com\/saeme\/instructor\/lipikasfilms\/\">Campus Manager<\/a>\t\t<\/div>\n\t<\/div>\n<\/div>\n<div class=\"course-lesson\"><div class=\"value\"><i aria-hidden=\"true\" class=\"lp-icon-file\"><\/i>35<\/div><\/div>\n<div class=\"course-students\">\n\t<label>Students<\/label>\n\t<div class=\"value\"><i class=\"lp-icon-students\"><\/i>\n\t\t33\t<\/div>\n\t<span>students<\/span>\n<\/div>\n\n<div class=\"course-price\" itemprop=\"offers\" itemscope\n\titemtype=\"https:\/\/schema.org\/Offer\">\n\n\t<span class=\"course-item-price\"> <span class=\"price\">&#036;1.00<\/span> <\/span>\n<\/div>\n<\/div>\t\t\t\t\t\t<\/div>\n\t\t\t\t\t<\/div>\n\t\t\t\t<\/div>\n\t\t\t\t\t\t<\/div>\n\t\t\t<\/div>\n\t\t\t\t\t<\/div>\n\t\t\t\t<\/div>\n\t\t\t\t\t<\/div>\n\t\t<\/div>\n\t\t\t\t\t<\/div>\n\t\t<\/section>\n\t\t\t\t<\/div>\n\t\t","protected":false},"excerpt":{"rendered":"<p>Posgrados Actuales Lista de deseos Leer m\u00e1s admin Posgrado Intensivo Semipresencial Universitario en Medicina Est\u00e9tica admin Comentario (0 comentario) Estudiantes 1 student 0 Gratis Gratis Leer m\u00e1s Lista de deseos Leer m\u00e1s Profesor Posgrado intensivo en Medicina Est\u00e9tica Profesor Comentario &hellip; <\/p>\n","protected":false},"author":1,"featured_media":0,"parent":0,"menu_order":0,"comment_status":"closed","ping_status":"closed","template":"","meta":{"_bbp_topic_count":0,"_bbp_reply_count":0,"_bbp_total_topic_count":0,"_bbp_total_reply_count":0,"_bbp_voice_count":0,"_bbp_anonymous_reply_count":0,"_bbp_topic_count_hidden":0,"_bbp_reply_count_hidden":0,"_bbp_forum_subforum_count":0,"pmpro_default_level":"","footnotes":""},"class_list":["post-9240","page","type-page","status-publish","hentry","pmpro-has-access"],"_links":{"self":[{"href":"https:\/\/lipikascampuseducativo.com\/saeme\/wp-json\/wp\/v2\/pages\/9240","targetHints":{"allow":["GET"]}}],"collection":[{"href":"https:\/\/lipikascampuseducativo.com\/saeme\/wp-json\/wp\/v2\/pages"}],"about":[{"href":"https:\/\/lipikascampuseducativo.com\/saeme\/wp-json\/wp\/v2\/types\/page"}],"author":[{"embeddable":true,"href":"https:\/\/lipikascampuseducativo.com\/saeme\/wp-json\/wp\/v2\/users\/1"}],"replies":[{"embeddable":true,"href":"https:\/\/lipikascampuseducativo.com\/saeme\/wp-json\/wp\/v2\/comments?post=9240"}],"version-history":[{"count":0,"href":"https:\/\/lipikascampuseducativo.com\/saeme\/wp-json\/wp\/v2\/pages\/9240\/revisions"}],"wp:attachment":[{"href":"https:\/\/lipikascampuseducativo.com\/saeme\/wp-json\/wp\/v2\/media?parent=9240"}],"curies":[{"name":"wp","href":"https:\/\/api.w.org\/{rel}","templated":true}]}}