{"id":9248,"date":"2021-04-29T17:49:40","date_gmt":"2021-04-29T17:49:40","guid":{"rendered":"https:\/\/lipikascampuseducativo.com\/saeme\/?page_id=9248"},"modified":"2022-06-03T18:18:11","modified_gmt":"2022-06-03T21:18:11","slug":"clase-online","status":"publish","type":"page","link":"https:\/\/lipikascampuseducativo.com\/saeme\/clase-online\/","title":{"rendered":"Clase Online Postgrado Anual"},"content":{"rendered":"\t\t<div data-elementor-type=\"wp-page\" data-elementor-id=\"9248\" class=\"elementor elementor-9248\" data-elementor-post-type=\"page\">\n\t\t\t\t\t\t<section class=\"elementor-section elementor-top-section elementor-element elementor-element-57efc37 elementor-section-boxed elementor-section-height-default elementor-section-height-default\" data-id=\"57efc37\" data-element_type=\"section\" data-e-type=\"section\">\n\t\t\t\t\t\t<div class=\"elementor-container elementor-column-gap-default\">\n\t\t\t\t\t<div class=\"elementor-column elementor-col-100 elementor-top-column elementor-element elementor-element-a7c2c95\" data-id=\"a7c2c95\" data-element_type=\"column\" data-e-type=\"column\">\n\t\t\t<div class=\"elementor-widget-wrap elementor-element-populated\">\n\t\t\t\t\t\t<div class=\"elementor-element elementor-element-426d85a elementor-widget elementor-widget-image\" data-id=\"426d85a\" data-element_type=\"widget\" data-e-type=\"widget\" data-widget_type=\"image.default\">\n\t\t\t\t<div class=\"elementor-widget-container\">\n\t\t\t\t\t\t\t\t\t\t\t\t\t\t\t<img fetchpriority=\"high\" decoding=\"async\" width=\"640\" height=\"160\" src=\"https:\/\/lipikascampuseducativo.com\/saeme\/wp-content\/uploads\/2021\/08\/BANNER-CAMPUS-CLASE-ONLINE.png\" class=\"attachment-large size-large wp-image-11276\" alt=\"\" srcset=\"https:\/\/lipikascampuseducativo.com\/saeme\/wp-content\/uploads\/2021\/08\/BANNER-CAMPUS-CLASE-ONLINE.png 800w, https:\/\/lipikascampuseducativo.com\/saeme\/wp-content\/uploads\/2021\/08\/BANNER-CAMPUS-CLASE-ONLINE-300x75.png 300w, https:\/\/lipikascampuseducativo.com\/saeme\/wp-content\/uploads\/2021\/08\/BANNER-CAMPUS-CLASE-ONLINE-768x192.png 768w\" sizes=\"(max-width: 640px) 100vw, 640px\" \/>\t\t\t\t\t\t\t\t\t\t\t\t\t\t\t<\/div>\n\t\t\t\t<\/div>\n\t\t\t\t\t<\/div>\n\t\t<\/div>\n\t\t\t\t\t<\/div>\n\t\t<\/section>\n\t\t\t\t<section class=\"elementor-section elementor-top-section elementor-element elementor-element-e3110b2 elementor-section-stretched elementor-section-full_width elementor-section-height-full elementor-section-items-top elementor-section-content-top elementor-section-height-default\" data-id=\"e3110b2\" data-element_type=\"section\" data-e-type=\"section\" data-settings=\"{&quot;stretch_section&quot;:&quot;section-stretched&quot;}\">\n\t\t\t\t\t\t<div class=\"elementor-container elementor-column-gap-no\">\n\t\t\t\t\t<main class=\"elementor-column elementor-col-100 elementor-top-column elementor-element elementor-element-92c24df\" data-id=\"92c24df\" data-element_type=\"column\" data-e-type=\"column\">\n\t\t\t<div class=\"elementor-widget-wrap\">\n\t\t\t\t\t\t\t<\/div>\n\t\t<\/main>\n\t\t\t\t\t<\/div>\n\t\t<\/section>\n\t\t\t\t<\/div>\n\t\t","protected":false},"excerpt":{"rendered":"<p>Posgrado Anual en Medicina Est\u00e9tica Meeting starts in: 00 d\u00edas 00 horas 00 minutos 00 segundos Posgrado Anual en Medicina Est\u00e9tica Hora de inicio: 03-06-2022 Zona horaria: America\/Argentina\/Buenos_Aires Contrase\u00f1a: 587763 Join via Browser<\/p>\n","protected":false},"author":1,"featured_media":0,"parent":0,"menu_order":0,"comment_status":"closed","ping_status":"closed","template":"..\/public\/views\/revslider-page-template.php","meta":{"_bbp_topic_count":0,"_bbp_reply_count":0,"_bbp_total_topic_count":0,"_bbp_total_reply_count":0,"_bbp_voice_count":0,"_bbp_anonymous_reply_count":0,"_bbp_topic_count_hidden":0,"_bbp_reply_count_hidden":0,"_bbp_forum_subforum_count":0,"pmpro_default_level":"","footnotes":""},"class_list":["post-9248","page","type-page","status-publish","hentry","pmpro-has-access"],"_links":{"self":[{"href":"https:\/\/lipikascampuseducativo.com\/saeme\/wp-json\/wp\/v2\/pages\/9248","targetHints":{"allow":["GET"]}}],"collection":[{"href":"https:\/\/lipikascampuseducativo.com\/saeme\/wp-json\/wp\/v2\/pages"}],"about":[{"href":"https:\/\/lipikascampuseducativo.com\/saeme\/wp-json\/wp\/v2\/types\/page"}],"author":[{"embeddable":true,"href":"https:\/\/lipikascampuseducativo.com\/saeme\/wp-json\/wp\/v2\/users\/1"}],"replies":[{"embeddable":true,"href":"https:\/\/lipikascampuseducativo.com\/saeme\/wp-json\/wp\/v2\/comments?post=9248"}],"version-history":[{"count":0,"href":"https:\/\/lipikascampuseducativo.com\/saeme\/wp-json\/wp\/v2\/pages\/9248\/revisions"}],"wp:attachment":[{"href":"https:\/\/lipikascampuseducativo.com\/saeme\/wp-json\/wp\/v2\/media?parent=9248"}],"curies":[{"name":"wp","href":"https:\/\/api.w.org\/{rel}","templated":true}]}}